{"id":30783,"date":"2022-09-20T14:31:25","date_gmt":"2022-09-20T12:31:25","guid":{"rendered":"https:\/\/hrconnect.ch\/a-propos-de\/"},"modified":"2025-04-15T15:50:12","modified_gmt":"2025-04-15T13:50:12","slug":"a-propos-de","status":"publish","type":"page","link":"https:\/\/hrconnect.ch\/fr\/a-propos-de\/","title":{"rendered":"\u00c0 propos de"},"content":{"rendered":"\t\t<div data-elementor-type=\"wp-page\" data-elementor-id=\"30783\" class=\"elementor elementor-30783 elementor-28875\" data-elementor-post-type=\"page\">\n\t\t\t\t\t\t<section class=\"elementor-section elementor-top-section elementor-element elementor-element-12cca71 elementor-hidden-mobile elementor-section-boxed elementor-section-height-default elementor-section-height-default\" data-id=\"12cca71\" data-element_type=\"section\" data-e-type=\"section\" data-settings=\"{&quot;background_background&quot;:&quot;classic&quot;}\">\n\t\t\t\t\t\t\t<div class=\"elementor-background-overlay\"><\/div>\n\t\t\t\t\t\t\t<div class=\"elementor-container elementor-column-gap-default\">\n\t\t\t\t\t<div class=\"elementor-column elementor-col-100 elementor-top-column elementor-element elementor-element-7267e6c\" data-id=\"7267e6c\" data-element_type=\"column\" data-e-type=\"column\" data-settings=\"{&quot;background_background&quot;:&quot;classic&quot;}\">\n\t\t\t<div class=\"elementor-widget-wrap elementor-element-populated\">\n\t\t\t\t\t\t<div class=\"elementor-element elementor-element-2dbee69 elementor-widget elementor-widget-heading\" data-id=\"2dbee69\" data-element_type=\"widget\" data-e-type=\"widget\" data-widget_type=\"heading.default\">\n\t\t\t\t<div class=\"elementor-widget-container\">\n\t\t\t\t\t<h1 class=\"elementor-heading-title elementor-size-default\">\u00c0 propos de<\/h1>\t\t\t\t<\/div>\n\t\t\t\t<\/div>\n\t\t\t\t<div class=\"elementor-element elementor-element-3c582cc elementor-widget elementor-widget-heading\" data-id=\"3c582cc\" data-element_type=\"widget\" data-e-type=\"widget\" data-widget_type=\"heading.default\">\n\t\t\t\t<div class=\"elementor-widget-container\">\n\t\t\t\t\t<h2 class=\"elementor-heading-title elementor-size-default\">Barbara Petrauskas, fondatrice de HR Connect<\/h2>\t\t\t\t<\/div>\n\t\t\t\t<\/div>\n\t\t\t\t\t<\/div>\n\t\t<\/div>\n\t\t\t\t\t<\/div>\n\t\t<\/section>\n\t\t\t\t<section class=\"elementor-section elementor-top-section elementor-element elementor-element-6ee2938 elementor-hidden-desktop elementor-hidden-tablet elementor-section-boxed elementor-section-height-default elementor-section-height-default\" data-id=\"6ee2938\" data-element_type=\"section\" data-e-type=\"section\">\n\t\t\t\t\t\t<div class=\"elementor-container elementor-column-gap-default\">\n\t\t\t\t\t<div class=\"elementor-column elementor-col-50 elementor-top-column elementor-element elementor-element-18ec3e5\" data-id=\"18ec3e5\" data-element_type=\"column\" data-e-type=\"column\" data-settings=\"{&quot;background_background&quot;:&quot;classic&quot;}\">\n\t\t\t<div class=\"elementor-widget-wrap elementor-element-populated\">\n\t\t\t\t\t\t<div class=\"elementor-element elementor-element-5807ec5 elementor-widget elementor-widget-image\" data-id=\"5807ec5\" data-element_type=\"widget\" data-e-type=\"widget\" data-widget_type=\"image.default\">\n\t\t\t\t<div class=\"elementor-widget-container\">\n\t\t\t\t\t\t\t\t\t\t\t\t\t\t\t<img fetchpriority=\"high\" decoding=\"async\" width=\"1024\" height=\"569\" src=\"https:\/\/hrconnect.ch\/wp-content\/uploads\/2022\/10\/barbara-about-hero-mobile.jpg\" class=\"attachment-full size-full wp-image-30678\" alt=\"\" srcset=\"https:\/\/hrconnect.ch\/wp-content\/uploads\/2022\/10\/barbara-about-hero-mobile.jpg 1024w, https:\/\/hrconnect.ch\/wp-content\/uploads\/2022\/10\/barbara-about-hero-mobile-300x167.jpg 300w, https:\/\/hrconnect.ch\/wp-content\/uploads\/2022\/10\/barbara-about-hero-mobile-768x427.jpg 768w\" sizes=\"(max-width: 1024px) 100vw, 1024px\" \/>\t\t\t\t\t\t\t\t\t\t\t\t\t\t\t<\/div>\n\t\t\t\t<\/div>\n\t\t\t\t\t<\/div>\n\t\t<\/div>\n\t\t\t\t<div class=\"elementor-column elementor-col-50 elementor-top-column elementor-element elementor-element-33c20ae\" data-id=\"33c20ae\" data-element_type=\"column\" data-e-type=\"column\" data-settings=\"{&quot;background_background&quot;:&quot;classic&quot;}\">\n\t\t\t<div class=\"elementor-widget-wrap elementor-element-populated\">\n\t\t\t\t\t\t<div class=\"elementor-element elementor-element-e0f8c51 elementor-widget elementor-widget-heading\" data-id=\"e0f8c51\" data-element_type=\"widget\" data-e-type=\"widget\" data-widget_type=\"heading.default\">\n\t\t\t\t<div class=\"elementor-widget-container\">\n\t\t\t\t\t<h1 class=\"elementor-heading-title elementor-size-default\">\u00c0 propos de<\/h1>\t\t\t\t<\/div>\n\t\t\t\t<\/div>\n\t\t\t\t<div class=\"elementor-element elementor-element-62fc856 elementor-widget elementor-widget-heading\" data-id=\"62fc856\" data-element_type=\"widget\" data-e-type=\"widget\" data-widget_type=\"heading.default\">\n\t\t\t\t<div class=\"elementor-widget-container\">\n\t\t\t\t\t<h2 class=\"elementor-heading-title elementor-size-default\">Barbara Petrauskas, fondatrice de HR Connect<\/h2>\t\t\t\t<\/div>\n\t\t\t\t<\/div>\n\t\t\t\t<div class=\"elementor-element elementor-element-30d2ff6 elementor-widget elementor-widget-text-editor\" data-id=\"30d2ff6\" data-element_type=\"widget\" data-e-type=\"widget\" data-widget_type=\"text-editor.default\">\n\t\t\t\t<div class=\"elementor-widget-container\">\n\t\t\t\t\t\t\t\t\t<div style=\"max-width: 700px;\">Bonjour, je suis Barbara, la consultante en chef en RH, coach de carri\u00e8re holistique et passionn\u00e9e de bien-\u00eatre au travail qui se cache derri\u00e8re HR Connect.<\/div>\t\t\t\t\t\t\t\t<\/div>\n\t\t\t\t<\/div>\n\t\t\t\t\t<\/div>\n\t\t<\/div>\n\t\t\t\t\t<\/div>\n\t\t<\/section>\n\t\t\t\t<section class=\"elementor-section elementor-top-section elementor-element elementor-element-0d49249 elementor-section-boxed elementor-section-height-default elementor-section-height-default\" data-id=\"0d49249\" data-element_type=\"section\" data-e-type=\"section\">\n\t\t\t\t\t\t<div class=\"elementor-container elementor-column-gap-default\">\n\t\t\t\t\t<div class=\"elementor-column elementor-col-100 elementor-top-column elementor-element elementor-element-1f03aae\" data-id=\"1f03aae\" data-element_type=\"column\" data-e-type=\"column\">\n\t\t\t<div class=\"elementor-widget-wrap elementor-element-populated\">\n\t\t\t\t\t\t<section class=\"elementor-section elementor-inner-section elementor-element elementor-element-7f23b8c elementor-section-content-middle elementor-reverse-tablet elementor-reverse-mobile elementor-section-boxed elementor-section-height-default elementor-section-height-default\" data-id=\"7f23b8c\" data-element_type=\"section\" data-e-type=\"section\" data-settings=\"{&quot;background_background&quot;:&quot;classic&quot;}\">\n\t\t\t\t\t\t<div class=\"elementor-container elementor-column-gap-default\">\n\t\t\t\t\t<div class=\"elementor-column elementor-col-50 elementor-inner-column elementor-element elementor-element-af87fa3\" data-id=\"af87fa3\" data-element_type=\"column\" data-e-type=\"column\">\n\t\t\t<div class=\"elementor-widget-wrap elementor-element-populated\">\n\t\t\t\t\t\t<div class=\"elementor-element elementor-element-8cee33d elementor-widget elementor-widget-heading\" data-id=\"8cee33d\" data-element_type=\"widget\" data-e-type=\"widget\" data-widget_type=\"heading.default\">\n\t\t\t\t<div class=\"elementor-widget-container\">\n\t\t\t\t\t<h2 class=\"elementor-heading-title elementor-size-default\">Ma <span class=\"orange-text\">vision<\/span><\/h2>\t\t\t\t<\/div>\n\t\t\t\t<\/div>\n\t\t\t\t<div class=\"elementor-element elementor-element-8003a9f elementor-widget elementor-widget-text-editor\" data-id=\"8003a9f\" data-element_type=\"widget\" data-e-type=\"widget\" data-widget_type=\"text-editor.default\">\n\t\t\t\t<div class=\"elementor-widget-container\">\n\t\t\t\t\t\t\t\t\t<p>Ma vision avec HR Connect est de tirer parti de <span class=\"orange-text\">connexions humaines significatives<\/span> pour une vie professionnelle prosp\u00e8re, que vous soyez \u00e0 la t\u00eate d&rsquo;une \u00e9quipe ou en train de construire votre carri\u00e8re individuelle.<\/p><p>Avant de fonder HR Connect, j&rsquo;ai perfectionn\u00e9 mes comp\u00e9tences en mati\u00e8re d&rsquo;\u00e9coute, de communication et de gestion d&rsquo;entreprise en tant que professionnelle des ressources humaines au sein de grandes organisations dans les secteurs de la biotechnologie, des logiciels, du marketing num\u00e9rique, de la publicit\u00e9 et de l&rsquo;h\u00f4tellerie.<\/p><p>Apr\u00e8s avoir travaill\u00e9 pendant plus de 20 ans \u00e0 des postes strat\u00e9giques et op\u00e9rationnels dans le domaine des ressources humaines, j&rsquo;ai commenc\u00e9 \u00e0 observer des tendances inqui\u00e9tantes sur le lieu de travail : les gens avaient du mal \u00e0 ma\u00eetriser leur charge de travail, il y avait une augmentation des absences dues au stress, \u00e0 l&rsquo;\u00e9puisement et m\u00eame au burnout, et les employ\u00e9s \u00e9taient souvent angoiss\u00e9s et pessimistes quant \u00e0 leurs perspectives de carri\u00e8re.<\/p><p>En tant que ressource RH interne, je n&rsquo;avais ni le temps ni la largeur de bande n\u00e9cessaires pour soutenir pleinement les employ\u00e9s de la mani\u00e8re dont ils en avaient vraiment besoin, et je voulais faire plus. C&rsquo;est pourquoi j&rsquo;ai fond\u00e9 HR Connect.<\/p><p>Le <span class=\"orange-text\">d\u00e9veloppement humain<\/span> est d\u00e9sormais au c\u0153ur de ma mission professionnelle. En tant que consultante en ressources humaines, formatrice, facilitatrice et coach de carri\u00e8re holistique, je cr\u00e9e des exp\u00e9riences transformatrices qui nourrissent le potentiel individuel tout en contribuant \u00e0 la croissance de l&rsquo;organisation. <\/p>\t\t\t\t\t\t\t\t<\/div>\n\t\t\t\t<\/div>\n\t\t\t\t\t<\/div>\n\t\t<\/div>\n\t\t\t\t<div class=\"elementor-column elementor-col-50 elementor-inner-column elementor-element elementor-element-f769862\" data-id=\"f769862\" data-element_type=\"column\" data-e-type=\"column\">\n\t\t\t<div class=\"elementor-widget-wrap elementor-element-populated\">\n\t\t\t\t\t\t<div class=\"elementor-element elementor-element-6d76d96 elementor-widget elementor-widget-image\" data-id=\"6d76d96\" data-element_type=\"widget\" data-e-type=\"widget\" data-widget_type=\"image.default\">\n\t\t\t\t<div class=\"elementor-widget-container\">\n\t\t\t\t\t\t\t\t\t\t\t\t\t\t\t<img decoding=\"async\" width=\"1080\" height=\"1080\" src=\"https:\/\/hrconnect.ch\/wp-content\/uploads\/2022\/09\/about-my-vision.jpg\" class=\"attachment-full size-full wp-image-30413\" alt=\"\" srcset=\"https:\/\/hrconnect.ch\/wp-content\/uploads\/2022\/09\/about-my-vision.jpg 1080w, https:\/\/hrconnect.ch\/wp-content\/uploads\/2022\/09\/about-my-vision-300x300.jpg 300w, https:\/\/hrconnect.ch\/wp-content\/uploads\/2022\/09\/about-my-vision-1024x1024.jpg 1024w, https:\/\/hrconnect.ch\/wp-content\/uploads\/2022\/09\/about-my-vision-150x150.jpg 150w, https:\/\/hrconnect.ch\/wp-content\/uploads\/2022\/09\/about-my-vision-768x768.jpg 768w\" sizes=\"(max-width: 1080px) 100vw, 1080px\" \/>\t\t\t\t\t\t\t\t\t\t\t\t\t\t\t<\/div>\n\t\t\t\t<\/div>\n\t\t\t\t\t<\/div>\n\t\t<\/div>\n\t\t\t\t\t<\/div>\n\t\t<\/section>\n\t\t\t\t\t<\/div>\n\t\t<\/div>\n\t\t\t\t\t<\/div>\n\t\t<\/section>\n\t\t\t\t<section class=\"elementor-section elementor-top-section elementor-element elementor-element-f1c4802 elementor-section-boxed elementor-section-height-default elementor-section-height-default\" data-id=\"f1c4802\" data-element_type=\"section\" data-e-type=\"section\">\n\t\t\t\t\t\t<div class=\"elementor-container elementor-column-gap-default\">\n\t\t\t\t\t<div class=\"elementor-column elementor-col-100 elementor-top-column elementor-element elementor-element-0e5746c\" data-id=\"0e5746c\" data-element_type=\"column\" data-e-type=\"column\">\n\t\t\t<div class=\"elementor-widget-wrap elementor-element-populated\">\n\t\t\t\t\t\t<section class=\"elementor-section elementor-inner-section elementor-element elementor-element-9337b4d elementor-section-content-middle elementor-section-boxed elementor-section-height-default elementor-section-height-default\" data-id=\"9337b4d\" data-element_type=\"section\" data-e-type=\"section\" data-settings=\"{&quot;background_background&quot;:&quot;classic&quot;}\">\n\t\t\t\t\t\t<div class=\"elementor-container elementor-column-gap-default\">\n\t\t\t\t\t<div class=\"elementor-column elementor-col-50 elementor-inner-column elementor-element elementor-element-c2293c9\" data-id=\"c2293c9\" data-element_type=\"column\" data-e-type=\"column\">\n\t\t\t<div class=\"elementor-widget-wrap elementor-element-populated\">\n\t\t\t\t\t\t<div class=\"elementor-element elementor-element-3bd9d46 elementor-widget elementor-widget-image\" data-id=\"3bd9d46\" data-element_type=\"widget\" data-e-type=\"widget\" data-widget_type=\"image.default\">\n\t\t\t\t<div class=\"elementor-widget-container\">\n\t\t\t\t\t\t\t\t\t\t\t\t\t\t\t<img decoding=\"async\" width=\"593\" height=\"546\" src=\"https:\/\/hrconnect.ch\/wp-content\/uploads\/2022\/10\/Globe-v2.png\" class=\"attachment-full size-full wp-image-30474\" alt=\"\" srcset=\"https:\/\/hrconnect.ch\/wp-content\/uploads\/2022\/10\/Globe-v2.png 593w, https:\/\/hrconnect.ch\/wp-content\/uploads\/2022\/10\/Globe-v2-300x276.png 300w\" sizes=\"(max-width: 593px) 100vw, 593px\" \/>\t\t\t\t\t\t\t\t\t\t\t\t\t\t\t<\/div>\n\t\t\t\t<\/div>\n\t\t\t\t\t<\/div>\n\t\t<\/div>\n\t\t\t\t<div class=\"elementor-column elementor-col-50 elementor-inner-column elementor-element elementor-element-0408513\" data-id=\"0408513\" data-element_type=\"column\" data-e-type=\"column\">\n\t\t\t<div class=\"elementor-widget-wrap elementor-element-populated\">\n\t\t\t\t\t\t<div class=\"elementor-element elementor-element-3369d94 elementor-widget elementor-widget-heading\" data-id=\"3369d94\" data-element_type=\"widget\" data-e-type=\"widget\" data-widget_type=\"heading.default\">\n\t\t\t\t<div class=\"elementor-widget-container\">\n\t\t\t\t\t<h2 class=\"elementor-heading-title elementor-size-default\">Mon <span class=\"orange-text\">parcours<\/span><\/h2>\t\t\t\t<\/div>\n\t\t\t\t<\/div>\n\t\t\t\t<div class=\"elementor-element elementor-element-ce17e62 elementor-widget elementor-widget-text-editor\" data-id=\"ce17e62\" data-element_type=\"widget\" data-e-type=\"widget\" data-widget_type=\"text-editor.default\">\n\t\t\t\t<div class=\"elementor-widget-container\">\n\t\t\t\t\t\t\t\t\t<p>J&rsquo;aime \u00e0 dire que mon vrai don est d&rsquo;avoir une <span class=\"orange-text\">vision globale<\/span> avec une compr\u00e9hension locale.<\/p><p>J&rsquo;ai grandi aux \u00c9tats-Unis (Syracuse, New York, pour \u00eatre pr\u00e9cis). Ma curiosit\u00e9 naturelle, mon esprit d&rsquo;aventure et mon vif int\u00e9r\u00eat pour les autres cultures m&rsquo;ont pouss\u00e9 \u00e0 partir \u00e0 l&rsquo;\u00e9tranger pour un voyage qui m&rsquo;a conduit \u00e0 vivre et \u00e0 travailler dans six pays et \u00e0 en visiter trente autres, souvent en solo.<\/p><p>Je suis fascin\u00e9 par les rencontres avec des personnes d&rsquo;autres cultures et par la fa\u00e7on dont elles vivent et travaillent.<\/p><p>Depuis 2002, je vis en Suisse o\u00f9 j&rsquo;aime travailler dans diverses organisations, m&rsquo;impliquer dans ma communaut\u00e9 locale et entrer en contact avec des personnes du monde entier.<\/p><p>Je crois qu&rsquo;il est facile de se rapprocher de n&rsquo;importe qui en faisant simplement l&rsquo;effort de <span class=\"orange-text\"> comprendre son histoire<\/span>.<\/p><p>Par le biais de mes valeurs fondamentales que sont l&rsquo;authenticit\u00e9, la curiosit\u00e9, l&rsquo;humour, l&#8217;empathie et l&rsquo;optimisme, ma mission est de <span class=\"orange-text\"> soutenir et de guider <\/span> les autres pour qu&rsquo;ils puissent s&rsquo;orienter dans le monde du travail d&rsquo;une mani\u00e8re enrichissante et positive.<\/p>\t\t\t\t\t\t\t\t<\/div>\n\t\t\t\t<\/div>\n\t\t\t\t\t<\/div>\n\t\t<\/div>\n\t\t\t\t\t<\/div>\n\t\t<\/section>\n\t\t\t\t\t<\/div>\n\t\t<\/div>\n\t\t\t\t\t<\/div>\n\t\t<\/section>\n\t\t\t\t<section class=\"elementor-section elementor-top-section elementor-element elementor-element-727ce61 elementor-section-boxed elementor-section-height-default elementor-section-height-default\" data-id=\"727ce61\" data-element_type=\"section\" data-e-type=\"section\">\n\t\t\t\t\t\t<div class=\"elementor-container elementor-column-gap-default\">\n\t\t\t\t\t<div class=\"elementor-column elementor-col-100 elementor-top-column elementor-element elementor-element-4747200\" data-id=\"4747200\" data-element_type=\"column\" data-e-type=\"column\">\n\t\t\t<div class=\"elementor-widget-wrap elementor-element-populated\">\n\t\t\t\t\t\t<section class=\"elementor-section elementor-inner-section elementor-element elementor-element-428226e elementor-section-content-middle elementor-reverse-tablet elementor-reverse-mobile elementor-section-boxed elementor-section-height-default elementor-section-height-default\" data-id=\"428226e\" data-element_type=\"section\" data-e-type=\"section\" data-settings=\"{&quot;background_background&quot;:&quot;classic&quot;}\">\n\t\t\t\t\t\t<div class=\"elementor-container elementor-column-gap-default\">\n\t\t\t\t\t<div class=\"elementor-column elementor-col-50 elementor-inner-column elementor-element elementor-element-41937c8\" data-id=\"41937c8\" data-element_type=\"column\" data-e-type=\"column\">\n\t\t\t<div class=\"elementor-widget-wrap elementor-element-populated\">\n\t\t\t\t\t\t<div class=\"elementor-element elementor-element-a603494 elementor-widget elementor-widget-heading\" data-id=\"a603494\" data-element_type=\"widget\" data-e-type=\"widget\" data-widget_type=\"heading.default\">\n\t\t\t\t<div class=\"elementor-widget-container\">\n\t\t\t\t\t<h2 class=\"elementor-heading-title elementor-size-default\">Mes <span class=\"orange-text\">qualifications<\/span><\/h2>\t\t\t\t<\/div>\n\t\t\t\t<\/div>\n\t\t\t\t<div class=\"elementor-element elementor-element-1222cde elementor-widget elementor-widget-text-editor\" data-id=\"1222cde\" data-element_type=\"widget\" data-e-type=\"widget\" data-widget_type=\"text-editor.default\">\n\t\t\t\t<div class=\"elementor-widget-container\">\n\t\t\t\t\t\t\t\t\t<p>Formatrice d&rsquo;adultes certifi\u00e9e &#8211; FSEA<br>Sp\u00e9cialiste du bien-\u00eatre en entreprise certifi\u00e9e &#8211; Global Healthcare Resources<br>ensa Mental Health First Aid : Focus Adults<br>Sp\u00e9cialiste certifi\u00e9e de l&rsquo;analyse des RH &#8211; AIHR Academy<br>Executive Education HR Management &#8211; UCLA<br>Certified Global HR Professional &#8211; HR Certification Institute<br>Career Coach &#8211; NY University<br>Massoth\u00e9rapeute &#8211; Swedish Institute College of Health Sciences<br>Bachelor of Science en communication &#8211; Cornell University<\/p>\t\t\t\t\t\t\t\t<\/div>\n\t\t\t\t<\/div>\n\t\t\t\t<div class=\"elementor-element elementor-element-0e8d455 elementor-widget elementor-widget-text-editor\" data-id=\"0e8d455\" data-element_type=\"widget\" data-e-type=\"widget\" data-widget_type=\"text-editor.default\">\n\t\t\t\t<div class=\"elementor-widget-container\">\n\t\t\t\t\t\t\t\t\tVeuillez consulter mon profil LinkedIn pour plus de d\u00e9tails sur mes qualifications et mon exp\u00e9rience professionnelles :<br><a style=\"color: #E36021;\" href=\"https:\/\/www.linkedin.com\/in\/barbara-petrauskas\/\" target=\"_blank\">https:\/\/www.linkedin.com\/in\/barbara-petrauskas\/<\/a>\t\t\t\t\t\t\t\t<\/div>\n\t\t\t\t<\/div>\n\t\t\t\t\t<\/div>\n\t\t<\/div>\n\t\t\t\t<div class=\"elementor-column elementor-col-50 elementor-inner-column elementor-element elementor-element-2a61b33\" data-id=\"2a61b33\" data-element_type=\"column\" data-e-type=\"column\">\n\t\t\t<div class=\"elementor-widget-wrap elementor-element-populated\">\n\t\t\t\t\t\t<div class=\"elementor-element elementor-element-cc82cde elementor-widget elementor-widget-image\" data-id=\"cc82cde\" data-element_type=\"widget\" data-e-type=\"widget\" data-widget_type=\"image.default\">\n\t\t\t\t<div class=\"elementor-widget-container\">\n\t\t\t\t\t\t\t\t\t\t\t\t\t\t\t<img loading=\"lazy\" decoding=\"async\" width=\"1600\" height=\"1063\" src=\"https:\/\/hrconnect.ch\/wp-content\/uploads\/2022\/09\/about-my-qualifications.jpg\" class=\"attachment-full size-full wp-image-30415\" alt=\"\" srcset=\"https:\/\/hrconnect.ch\/wp-content\/uploads\/2022\/09\/about-my-qualifications.jpg 1600w, https:\/\/hrconnect.ch\/wp-content\/uploads\/2022\/09\/about-my-qualifications-300x199.jpg 300w, https:\/\/hrconnect.ch\/wp-content\/uploads\/2022\/09\/about-my-qualifications-1024x680.jpg 1024w, https:\/\/hrconnect.ch\/wp-content\/uploads\/2022\/09\/about-my-qualifications-768x510.jpg 768w, https:\/\/hrconnect.ch\/wp-content\/uploads\/2022\/09\/about-my-qualifications-1536x1020.jpg 1536w\" sizes=\"(max-width: 1600px) 100vw, 1600px\" \/>\t\t\t\t\t\t\t\t\t\t\t\t\t\t\t<\/div>\n\t\t\t\t<\/div>\n\t\t\t\t\t<\/div>\n\t\t<\/div>\n\t\t\t\t\t<\/div>\n\t\t<\/section>\n\t\t\t\t\t<\/div>\n\t\t<\/div>\n\t\t\t\t\t<\/div>\n\t\t<\/section>\n\t\t\t\t<\/div>\n\t\t","protected":false},"excerpt":{"rendered":"<p>\u00c0 propos de Barbara Petrauskas, fondatrice de HR Connect \u00c0 propos de Barbara Petrauskas, fondatrice de HR Connect Bonjour, je suis Barbara, la consultante en chef en RH, coach de carri\u00e8re holistique et passionn\u00e9e de bien-\u00eatre au travail qui se cache derri\u00e8re HR Connect. Ma vision Ma vision avec HR Connect est de tirer parti [&hellip;]<\/p>\n","protected":false},"author":1,"featured_media":0,"parent":0,"menu_order":0,"comment_status":"closed","ping_status":"closed","template":"","meta":{"footnotes":""},"class_list":["post-30783","page","type-page","status-publish","hentry"],"_links":{"self":[{"href":"https:\/\/hrconnect.ch\/fr\/wp-json\/wp\/v2\/pages\/30783","targetHints":{"allow":["GET"]}}],"collection":[{"href":"https:\/\/hrconnect.ch\/fr\/wp-json\/wp\/v2\/pages"}],"about":[{"href":"https:\/\/hrconnect.ch\/fr\/wp-json\/wp\/v2\/types\/page"}],"author":[{"embeddable":true,"href":"https:\/\/hrconnect.ch\/fr\/wp-json\/wp\/v2\/users\/1"}],"replies":[{"embeddable":true,"href":"https:\/\/hrconnect.ch\/fr\/wp-json\/wp\/v2\/comments?post=30783"}],"version-history":[{"count":24,"href":"https:\/\/hrconnect.ch\/fr\/wp-json\/wp\/v2\/pages\/30783\/revisions"}],"predecessor-version":[{"id":31678,"href":"https:\/\/hrconnect.ch\/fr\/wp-json\/wp\/v2\/pages\/30783\/revisions\/31678"}],"wp:attachment":[{"href":"https:\/\/hrconnect.ch\/fr\/wp-json\/wp\/v2\/media?parent=30783"}],"curies":[{"name":"wp","href":"https:\/\/api.w.org\/{rel}","templated":true}]}}