{"id":30801,"date":"2022-09-20T14:30:30","date_gmt":"2022-09-20T12:30:30","guid":{"rendered":"https:\/\/hrconnect.ch\/blog\/"},"modified":"2023-01-05T15:18:13","modified_gmt":"2023-01-05T14:18:13","slug":"blog","status":"publish","type":"page","link":"https:\/\/hrconnect.ch\/fr\/blog\/","title":{"rendered":"Blog"},"content":{"rendered":"\t\t<div data-elementor-type=\"wp-page\" data-elementor-id=\"30801\" class=\"elementor elementor-30801 elementor-28871\" data-elementor-post-type=\"page\">\n\t\t\t\t\t\t<section class=\"elementor-section elementor-top-section elementor-element elementor-element-10176f1 elementor-hidden-mobile elementor-section-boxed elementor-section-height-default elementor-section-height-default\" data-id=\"10176f1\" data-element_type=\"section\" data-e-type=\"section\" data-settings=\"{&quot;background_background&quot;:&quot;classic&quot;}\">\n\t\t\t\t\t\t\t<div class=\"elementor-background-overlay\"><\/div>\n\t\t\t\t\t\t\t<div class=\"elementor-container elementor-column-gap-default\">\n\t\t\t\t\t<div class=\"elementor-column elementor-col-100 elementor-top-column elementor-element elementor-element-a633634\" data-id=\"a633634\" data-element_type=\"column\" data-e-type=\"column\" data-settings=\"{&quot;background_background&quot;:&quot;classic&quot;}\">\n\t\t\t<div class=\"elementor-widget-wrap elementor-element-populated\">\n\t\t\t\t\t\t<div class=\"elementor-element elementor-element-a31e362 elementor-widget elementor-widget-heading\" data-id=\"a31e362\" data-element_type=\"widget\" data-e-type=\"widget\" data-widget_type=\"heading.default\">\n\t\t\t\t<div class=\"elementor-widget-container\">\n\t\t\t\t\t<h1 class=\"elementor-heading-title elementor-size-default\">Blog<\/h1>\t\t\t\t<\/div>\n\t\t\t\t<\/div>\n\t\t\t\t\t<\/div>\n\t\t<\/div>\n\t\t\t\t\t<\/div>\n\t\t<\/section>\n\t\t\t\t<section class=\"elementor-section elementor-top-section elementor-element elementor-element-53da0b4 elementor-hidden-desktop elementor-hidden-tablet elementor-section-boxed elementor-section-height-default elementor-section-height-default\" data-id=\"53da0b4\" data-element_type=\"section\" data-e-type=\"section\">\n\t\t\t\t\t\t<div class=\"elementor-container elementor-column-gap-default\">\n\t\t\t\t\t<div class=\"elementor-column elementor-col-50 elementor-top-column elementor-element elementor-element-1beb545\" data-id=\"1beb545\" data-element_type=\"column\" data-e-type=\"column\" data-settings=\"{&quot;background_background&quot;:&quot;classic&quot;}\">\n\t\t\t<div class=\"elementor-widget-wrap elementor-element-populated\">\n\t\t\t\t\t\t<div class=\"elementor-element elementor-element-6f6e784 elementor-widget elementor-widget-image\" data-id=\"6f6e784\" data-element_type=\"widget\" data-e-type=\"widget\" data-widget_type=\"image.default\">\n\t\t\t\t<div class=\"elementor-widget-container\">\n\t\t\t\t\t\t\t\t\t\t\t\t\t\t\t<img fetchpriority=\"high\" decoding=\"async\" width=\"1920\" height=\"1173\" src=\"https:\/\/hrconnect.ch\/wp-content\/uploads\/2022\/10\/blog-hero-mobile-fit.jpg\" class=\"attachment-full size-full wp-image-30454\" alt=\"\" srcset=\"https:\/\/hrconnect.ch\/wp-content\/uploads\/2022\/10\/blog-hero-mobile-fit.jpg 1920w, https:\/\/hrconnect.ch\/wp-content\/uploads\/2022\/10\/blog-hero-mobile-fit-300x183.jpg 300w, https:\/\/hrconnect.ch\/wp-content\/uploads\/2022\/10\/blog-hero-mobile-fit-1024x626.jpg 1024w, https:\/\/hrconnect.ch\/wp-content\/uploads\/2022\/10\/blog-hero-mobile-fit-768x469.jpg 768w, https:\/\/hrconnect.ch\/wp-content\/uploads\/2022\/10\/blog-hero-mobile-fit-1536x938.jpg 1536w\" sizes=\"(max-width: 1920px) 100vw, 1920px\" \/>\t\t\t\t\t\t\t\t\t\t\t\t\t\t\t<\/div>\n\t\t\t\t<\/div>\n\t\t\t\t\t<\/div>\n\t\t<\/div>\n\t\t\t\t<div class=\"elementor-column elementor-col-50 elementor-top-column elementor-element elementor-element-09f0ccf\" data-id=\"09f0ccf\" data-element_type=\"column\" data-e-type=\"column\" data-settings=\"{&quot;background_background&quot;:&quot;classic&quot;}\">\n\t\t\t<div class=\"elementor-widget-wrap elementor-element-populated\">\n\t\t\t\t\t\t<div class=\"elementor-element elementor-element-835879c elementor-widget elementor-widget-heading\" data-id=\"835879c\" data-element_type=\"widget\" data-e-type=\"widget\" data-widget_type=\"heading.default\">\n\t\t\t\t<div class=\"elementor-widget-container\">\n\t\t\t\t\t<h1 class=\"elementor-heading-title elementor-size-default\">Blog<\/h1>\t\t\t\t<\/div>\n\t\t\t\t<\/div>\n\t\t\t\t\t<\/div>\n\t\t<\/div>\n\t\t\t\t\t<\/div>\n\t\t<\/section>\n\t\t\t\t<section class=\"elementor-section elementor-top-section elementor-element elementor-element-d0e8a7f row-gap-fix-desktop elementor-section-boxed elementor-section-height-default elementor-section-height-default\" data-id=\"d0e8a7f\" data-element_type=\"section\" data-e-type=\"section\">\n\t\t\t\t\t\t<div class=\"elementor-container elementor-column-gap-default\">\n\t\t\t\t\t<div class=\"elementor-column elementor-col-100 elementor-top-column elementor-element elementor-element-e7f41fd\" data-id=\"e7f41fd\" data-element_type=\"column\" data-e-type=\"column\">\n\t\t\t<div class=\"elementor-widget-wrap elementor-element-populated\">\n\t\t\t\t\t\t<div class=\"elementor-element elementor-element-dc4a32d elementor-grid-eael-col-3 elementor-grid-tablet-eael-col-2 elementor-grid-mobile-eael-col-1 elementor-widget elementor-widget-eael-post-grid\" data-id=\"dc4a32d\" data-element_type=\"widget\" data-e-type=\"widget\" data-settings=\"{&quot;eael_post_grid_columns&quot;:&quot;eael-col-3&quot;,&quot;eael_post_grid_columns_tablet&quot;:&quot;eael-col-2&quot;,&quot;eael_post_grid_columns_mobile&quot;:&quot;eael-col-1&quot;}\" data-widget_type=\"eael-post-grid.default\">\n\t\t\t\t<div class=\"elementor-widget-container\">\n\t\t\t\t\t<div id=\"eael-post-grid-dc4a32d\" class=\"eael-post-grid-container\">\n            <div class=\"eael-post-grid eael-post-appender eael-post-appender-dc4a32d eael-post-grid-style-one\" data-layout-mode=\"grid\"><article class=\"eael-grid-post  eael-post-grid-column eael-pg-post-31105 category-blog-posts-fr\" data-id=\"31105\">\n        <div class=\"eael-grid-post-holder\">\n            <div class=\"eael-grid-post-holder-inner\"><div class=\"eael-entry-media\"><div class=\"eael-entry-overlay fade-in\"><i class=\"fas fa-link\" aria-hidden=\"true\"><\/i><a href=\"https:\/\/hrconnect.ch\/fr\/la-solitude-au-travail\/\"><\/a><\/div><div class=\"eael-entry-thumbnail \">\n                <img decoding=\"async\" width=\"730\" height=\"624\" src=\"https:\/\/hrconnect.ch\/wp-content\/uploads\/2023\/05\/Loneliness-photo-Blog.png\" class=\"attachment-full size-full wp-image-31108\" alt=\"\" srcset=\"https:\/\/hrconnect.ch\/wp-content\/uploads\/2023\/05\/Loneliness-photo-Blog.png 730w, https:\/\/hrconnect.ch\/wp-content\/uploads\/2023\/05\/Loneliness-photo-Blog-300x256.png 300w\" sizes=\"(max-width: 730px) 100vw, 730px\" \/>\n            <\/div>\n        <\/div><div class=\"eael-entry-wrapper\"><header class=\"eael-entry-header\"><h2 class=\"eael-entry-title\"><a class=\"eael-grid-post-link\" href=\"https:\/\/hrconnect.ch\/fr\/la-solitude-au-travail\/\" title=\"La solitude au travail\">La solitude au travail<\/a><\/h2><\/header><div class=\"eael-entry-content\">\n                        <div class=\"eael-grid-post-excerpt\"><p>La solitude au travail est un probl\u00e8me courant qui a des r\u00e9percussions sur le bien-\u00eatre, la productivit\u00e9 et la satisfaction professionnelle des employ\u00e9s. Nous sommes plus connect\u00e9s que jamais, mais...<\/p><a href=\"https:\/\/hrconnect.ch\/fr\/la-solitude-au-travail\/\" class=\"eael-post-elements-readmore-btn\">Lire plus \"<\/a><\/div>\n                    <\/div><\/div><\/div>\n        <\/div>\n    <\/article><article class=\"eael-grid-post  eael-post-grid-column eael-pg-post-30821 category-blog-posts-fr\" data-id=\"30821\">\n        <div class=\"eael-grid-post-holder\">\n            <div class=\"eael-grid-post-holder-inner\"><div class=\"eael-entry-media\"><div class=\"eael-entry-overlay fade-in\"><i class=\"fas fa-link\" aria-hidden=\"true\"><\/i><a href=\"https:\/\/hrconnect.ch\/fr\/concevoir-le-bien-etre-au-travail\/\"><\/a><\/div><div class=\"eael-entry-thumbnail \">\n                <img decoding=\"async\" width=\"1080\" height=\"1080\" src=\"https:\/\/hrconnect.ch\/wp-content\/uploads\/2023\/01\/Designing-Workplace-Wellbeing.png\" class=\"attachment-full size-full wp-image-30827\" alt=\"\" srcset=\"https:\/\/hrconnect.ch\/wp-content\/uploads\/2023\/01\/Designing-Workplace-Wellbeing.png 1080w, https:\/\/hrconnect.ch\/wp-content\/uploads\/2023\/01\/Designing-Workplace-Wellbeing-300x300.png 300w, https:\/\/hrconnect.ch\/wp-content\/uploads\/2023\/01\/Designing-Workplace-Wellbeing-1024x1024.png 1024w, https:\/\/hrconnect.ch\/wp-content\/uploads\/2023\/01\/Designing-Workplace-Wellbeing-150x150.png 150w, https:\/\/hrconnect.ch\/wp-content\/uploads\/2023\/01\/Designing-Workplace-Wellbeing-768x768.png 768w\" sizes=\"(max-width: 1080px) 100vw, 1080px\" \/>\n            <\/div>\n        <\/div><div class=\"eael-entry-wrapper\"><header class=\"eael-entry-header\"><h2 class=\"eael-entry-title\"><a class=\"eael-grid-post-link\" href=\"https:\/\/hrconnect.ch\/fr\/concevoir-le-bien-etre-au-travail\/\" title=\"Concevoir le bien-\u00eatre au travail\">Concevoir le bien-\u00eatre au travail<\/a><\/h2><\/header><div class=\"eael-entry-content\">\n                        <div class=\"eael-grid-post-excerpt\"><p>On me pose souvent la question suivante : \"Qu'est-ce que le bien-\u00eatre au travail ?\" De nombreuses personnes associent le bien-\u00eatre au travail \u00e0 des pratiques agr\u00e9ables comme une s\u00e9ance...<\/p><a href=\"https:\/\/hrconnect.ch\/fr\/concevoir-le-bien-etre-au-travail\/\" class=\"eael-post-elements-readmore-btn\">Lire plus \"<\/a><\/div>\n                    <\/div><\/div><\/div>\n        <\/div>\n    <\/article><article class=\"eael-grid-post  eael-post-grid-column eael-pg-post-30803 category-blog-posts-fr\" data-id=\"30803\">\n        <div class=\"eael-grid-post-holder\">\n            <div class=\"eael-grid-post-holder-inner\"><div class=\"eael-entry-media\"><div class=\"eael-entry-overlay fade-in\"><i class=\"fas fa-link\" aria-hidden=\"true\"><\/i><a href=\"https:\/\/hrconnect.ch\/fr\/quel-est-votre-heritage\/\"><\/a><\/div><div class=\"eael-entry-thumbnail \">\n                <img loading=\"lazy\" decoding=\"async\" width=\"1080\" height=\"1080\" src=\"https:\/\/hrconnect.ch\/wp-content\/uploads\/2022\/11\/Legacy-photo.png\" class=\"attachment-full size-full wp-image-30804\" alt=\"\" srcset=\"https:\/\/hrconnect.ch\/wp-content\/uploads\/2022\/11\/Legacy-photo.png 1080w, https:\/\/hrconnect.ch\/wp-content\/uploads\/2022\/11\/Legacy-photo-300x300.png 300w, https:\/\/hrconnect.ch\/wp-content\/uploads\/2022\/11\/Legacy-photo-1024x1024.png 1024w, https:\/\/hrconnect.ch\/wp-content\/uploads\/2022\/11\/Legacy-photo-150x150.png 150w, https:\/\/hrconnect.ch\/wp-content\/uploads\/2022\/11\/Legacy-photo-768x768.png 768w\" sizes=\"(max-width: 1080px) 100vw, 1080px\" \/>\n            <\/div>\n        <\/div><div class=\"eael-entry-wrapper\"><header class=\"eael-entry-header\"><h2 class=\"eael-entry-title\"><a class=\"eael-grid-post-link\" href=\"https:\/\/hrconnect.ch\/fr\/quel-est-votre-heritage\/\" title=\"Quel est votre h\u00e9ritage ?\">Quel est votre h\u00e9ritage ?<\/a><\/h2><\/header><div class=\"eael-entry-content\">\n                        <div class=\"eael-grid-post-excerpt\"><p>Lorsque vous avancez dans votre carri\u00e8re, vous avez souvent des vues sur un nouveau projet, une promotion ou un poste plus stimulant. Vous pouvez \u00eatre motiv\u00e9 par une augmentation des...<\/p><a href=\"https:\/\/hrconnect.ch\/fr\/quel-est-votre-heritage\/\" class=\"eael-post-elements-readmore-btn\">Lire plus \"<\/a><\/div>\n                    <\/div><\/div><\/div>\n        <\/div>\n    <\/article><article class=\"eael-grid-post  eael-post-grid-column eael-pg-post-30806 category-blog-posts-fr\" data-id=\"30806\">\n        <div class=\"eael-grid-post-holder\">\n            <div class=\"eael-grid-post-holder-inner\"><div class=\"eael-entry-media\"><div class=\"eael-entry-overlay fade-in\"><i class=\"fas fa-link\" aria-hidden=\"true\"><\/i><a href=\"https:\/\/hrconnect.ch\/fr\/recherche-demploi-letat-desprit-est-primordial\/\"><\/a><\/div><div class=\"eael-entry-thumbnail \">\n                <img loading=\"lazy\" decoding=\"async\" width=\"1080\" height=\"1080\" src=\"https:\/\/hrconnect.ch\/wp-content\/uploads\/2022\/10\/Mindset-photo-v2.png\" class=\"attachment-full size-full wp-image-30466\" alt=\"\" srcset=\"https:\/\/hrconnect.ch\/wp-content\/uploads\/2022\/10\/Mindset-photo-v2.png 1080w, https:\/\/hrconnect.ch\/wp-content\/uploads\/2022\/10\/Mindset-photo-v2-300x300.png 300w, https:\/\/hrconnect.ch\/wp-content\/uploads\/2022\/10\/Mindset-photo-v2-1024x1024.png 1024w, https:\/\/hrconnect.ch\/wp-content\/uploads\/2022\/10\/Mindset-photo-v2-150x150.png 150w, https:\/\/hrconnect.ch\/wp-content\/uploads\/2022\/10\/Mindset-photo-v2-768x768.png 768w\" sizes=\"(max-width: 1080px) 100vw, 1080px\" \/>\n            <\/div>\n        <\/div><div class=\"eael-entry-wrapper\"><header class=\"eael-entry-header\"><h2 class=\"eael-entry-title\"><a class=\"eael-grid-post-link\" href=\"https:\/\/hrconnect.ch\/fr\/recherche-demploi-letat-desprit-est-primordial\/\" title=\"Recherche d&#8217;emploi : L&rsquo;\u00e9tat d&rsquo;esprit est primordial.\">Recherche d&#8217;emploi : L&rsquo;\u00e9tat d&rsquo;esprit est primordial.<\/a><\/h2><\/header><div class=\"eael-entry-content\">\n                        <div class=\"eael-grid-post-excerpt\"><p>La pleine conscience fait l'objet de beaucoup d'attention ces jours-ci, et l'une des principales connaissances acquises par la pratique de la pleine conscience est la fa\u00e7on dont l'esprit nous entra\u00eene...<\/p><a href=\"https:\/\/hrconnect.ch\/fr\/recherche-demploi-letat-desprit-est-primordial\/\" class=\"eael-post-elements-readmore-btn\">Lire plus \"<\/a><\/div>\n                    <\/div><\/div><\/div>\n        <\/div>\n    <\/article><article class=\"eael-grid-post  eael-post-grid-column eael-pg-post-30808 category-blog-posts-fr\" data-id=\"30808\">\n        <div class=\"eael-grid-post-holder\">\n            <div class=\"eael-grid-post-holder-inner\"><div class=\"eael-entry-media\"><div class=\"eael-entry-overlay fade-in\"><i class=\"fas fa-link\" aria-hidden=\"true\"><\/i><a href=\"https:\/\/hrconnect.ch\/fr\/photo-ou-pas-photo-telle-est-la-question\/\"><\/a><\/div><div class=\"eael-entry-thumbnail \">\n                <img loading=\"lazy\" decoding=\"async\" width=\"1080\" height=\"1080\" src=\"https:\/\/hrconnect.ch\/wp-content\/uploads\/2022\/10\/photo-or-no-photo-featured.jpg\" class=\"attachment-full size-full wp-image-30464\" alt=\"\" srcset=\"https:\/\/hrconnect.ch\/wp-content\/uploads\/2022\/10\/photo-or-no-photo-featured.jpg 1080w, https:\/\/hrconnect.ch\/wp-content\/uploads\/2022\/10\/photo-or-no-photo-featured-300x300.jpg 300w, https:\/\/hrconnect.ch\/wp-content\/uploads\/2022\/10\/photo-or-no-photo-featured-1024x1024.jpg 1024w, https:\/\/hrconnect.ch\/wp-content\/uploads\/2022\/10\/photo-or-no-photo-featured-150x150.jpg 150w, https:\/\/hrconnect.ch\/wp-content\/uploads\/2022\/10\/photo-or-no-photo-featured-768x768.jpg 768w\" sizes=\"(max-width: 1080px) 100vw, 1080px\" \/>\n            <\/div>\n        <\/div><div class=\"eael-entry-wrapper\"><header class=\"eael-entry-header\"><h2 class=\"eael-entry-title\"><a class=\"eael-grid-post-link\" href=\"https:\/\/hrconnect.ch\/fr\/photo-ou-pas-photo-telle-est-la-question\/\" title=\"Photo ou pas photo ? Telle est la question.\">Photo ou pas photo ? Telle est la question.<\/a><\/h2><\/header><div class=\"eael-entry-content\">\n                        <div class=\"eael-grid-post-excerpt\"><p>Je travaille souvent avec des chercheurs d'emploi qui ont le r\u00e9flexe automatique de mettre une photo d'identit\u00e9 sur leur CV. Ils ont ont \u00e9t\u00e9 form\u00e9s \u00e0 croire qu'un CV doit...<\/p><a href=\"https:\/\/hrconnect.ch\/fr\/photo-ou-pas-photo-telle-est-la-question\/\" class=\"eael-post-elements-readmore-btn\">Lire plus \"<\/a><\/div>\n                    <\/div><\/div><\/div>\n        <\/div>\n    <\/article><article class=\"eael-grid-post  eael-post-grid-column eael-pg-post-30810 category-blog-posts-fr\" data-id=\"30810\">\n        <div class=\"eael-grid-post-holder\">\n            <div class=\"eael-grid-post-holder-inner\"><div class=\"eael-entry-media\"><div class=\"eael-entry-overlay fade-in\"><i class=\"fas fa-link\" aria-hidden=\"true\"><\/i><a href=\"https:\/\/hrconnect.ch\/fr\/regrets-de-carriere\/\"><\/a><\/div><div class=\"eael-entry-thumbnail \">\n                <img loading=\"lazy\" decoding=\"async\" width=\"810\" height=\"810\" src=\"https:\/\/hrconnect.ch\/wp-content\/uploads\/2022\/10\/regret-featured.jpg\" class=\"attachment-full size-full wp-image-30462\" alt=\"\" srcset=\"https:\/\/hrconnect.ch\/wp-content\/uploads\/2022\/10\/regret-featured.jpg 810w, https:\/\/hrconnect.ch\/wp-content\/uploads\/2022\/10\/regret-featured-300x300.jpg 300w, https:\/\/hrconnect.ch\/wp-content\/uploads\/2022\/10\/regret-featured-150x150.jpg 150w, https:\/\/hrconnect.ch\/wp-content\/uploads\/2022\/10\/regret-featured-768x768.jpg 768w\" sizes=\"(max-width: 810px) 100vw, 810px\" \/>\n            <\/div>\n        <\/div><div class=\"eael-entry-wrapper\"><header class=\"eael-entry-header\"><h2 class=\"eael-entry-title\"><a class=\"eael-grid-post-link\" href=\"https:\/\/hrconnect.ch\/fr\/regrets-de-carriere\/\" title=\"Regrets de carri\u00e8re\">Regrets de carri\u00e8re<\/a><\/h2><\/header><div class=\"eael-entry-content\">\n                        <div class=\"eael-grid-post-excerpt\"><p>L'autre jour, un ami m'a demand\u00e9 si je regrettais un choix de carri\u00e8re que j'ai fait il y a quelques ann\u00e9es. C'\u00e9tait une question int\u00e9ressante qui m'a fait r\u00e9fl\u00e9chir :...<\/p><a href=\"https:\/\/hrconnect.ch\/fr\/regrets-de-carriere\/\" class=\"eael-post-elements-readmore-btn\">Lire plus \"<\/a><\/div>\n                    <\/div><\/div><\/div>\n        <\/div>\n    <\/article><\/div>\n            <div class=\"clearfix\"><\/div>\n        <\/div>\t\t\t\t<\/div>\n\t\t\t\t<\/div>\n\t\t\t\t\t<\/div>\n\t\t<\/div>\n\t\t\t\t\t<\/div>\n\t\t<\/section>\n\t\t\t\t<\/div>\n\t\t","protected":false},"excerpt":{"rendered":"<p>Blog Blog What is your legacy? As you move forward in your career, you often have your sights set on a new project, a promotion, or a more challenging position. You may be driven by an&#8230; Lire plus &quot; Job search: Mindset is everything. Mindfulness gets a lot of attention these days, and one major [&hellip;]<\/p>\n","protected":false},"author":1,"featured_media":0,"parent":0,"menu_order":0,"comment_status":"closed","ping_status":"closed","template":"","meta":{"footnotes":""},"class_list":["post-30801","page","type-page","status-publish","hentry"],"_links":{"self":[{"href":"https:\/\/hrconnect.ch\/fr\/wp-json\/wp\/v2\/pages\/30801","targetHints":{"allow":["GET"]}}],"collection":[{"href":"https:\/\/hrconnect.ch\/fr\/wp-json\/wp\/v2\/pages"}],"about":[{"href":"https:\/\/hrconnect.ch\/fr\/wp-json\/wp\/v2\/types\/page"}],"author":[{"embeddable":true,"href":"https:\/\/hrconnect.ch\/fr\/wp-json\/wp\/v2\/users\/1"}],"replies":[{"embeddable":true,"href":"https:\/\/hrconnect.ch\/fr\/wp-json\/wp\/v2\/comments?post=30801"}],"version-history":[{"count":1,"href":"https:\/\/hrconnect.ch\/fr\/wp-json\/wp\/v2\/pages\/30801\/revisions"}],"predecessor-version":[{"id":30802,"href":"https:\/\/hrconnect.ch\/fr\/wp-json\/wp\/v2\/pages\/30801\/revisions\/30802"}],"wp:attachment":[{"href":"https:\/\/hrconnect.ch\/fr\/wp-json\/wp\/v2\/media?parent=30801"}],"curies":[{"name":"wp","href":"https:\/\/api.w.org\/{rel}","templated":true}]}}